{"id":12979,"date":"2018-05-31T11:53:12","date_gmt":"2018-05-31T09:53:12","guid":{"rendered":"http:\/\/www.france-coach-sport.fr\/blog\/?page_id=12979"},"modified":"2023-10-08T12:25:40","modified_gmt":"2023-10-08T10:25:40","slug":"mentions-legales","status":"publish","type":"page","link":"http:\/\/www.sport-et-sante.net\/index.php\/mentions-legales\/","title":{"rendered":"Mentions l\u00e9gales"},"content":{"rendered":"<div class=\"fusion-fullwidth fullwidth-box fusion-builder-row-1 nonhundred-percent-fullwidth non-hundred-percent-height-scrolling\" style=\"background-color: #25292b;background-position: center center;background-repeat: no-repeat;padding-top:0px;padding-right:0px;padding-bottom:0px;padding-left:0px;margin-bottom: 0px;margin-top: 0px;border-width: 0px 0px 0px 0px;border-color:#25292b;border-style:solid;\" ><div class=\"fusion-builder-row fusion-row\"><div class=\"fusion-layout-column fusion_builder_column fusion-builder-column-0 fusion_builder_column_1_1 1_1 fusion-one-full fusion-column-first fusion-column-last\" style=\"margin-top:0px;margin-bottom:20px;\"><div class=\"fusion-column-wrapper fusion-flex-column-wrapper-legacy\" style=\"background-position:left top;background-repeat:no-repeat;-webkit-background-size:cover;-moz-background-size:cover;-o-background-size:cover;background-size:cover;padding: 0px 0px 0px 0px;\"><style type=\"text\/css\"><\/style><div class=\"fusion-title title fusion-title-1 sep-underline sep-solid fusion-title-text fusion-title-size-one\" style=\"border-bottom-color:#3e3e3e;margin-top:0px;margin-right:0px;margin-bottom:30px;margin-left:0px;\"><h1 class=\"title-heading-left fusion-responsive-typography-calculated\" style=\"margin:0;--fontSize:55;line-height:1;\"><h3 style=\"text-align: center;\">MENTION LEGALES<\/h3><\/h1><\/div><div class=\"fusion-text fusion-text-1\"><p>Merci de lire attentivement les pr\u00e9sentes modalit\u00e9s d\u2019utilisation du pr\u00e9sent site avant de le parcourir. En vous connectant sur ce site, vous acceptez sans r\u00e9serve les pr\u00e9sentes modalit\u00e9s.<\/p>\n<p><strong>\u00c9DITEUR DU SITE<\/strong><\/p>\n<p><strong>sport-et-sante.net<\/strong><br \/>\nPar <strong>Sport et Sant\u00e9 Le mag<\/strong><br \/>\n50 chemin de la gaude Vence<br \/>\nFrance<br \/>\nT\u00e9l. : + 33<br \/>\nFax : + 33<br \/>\n<a href=\"http:\/\/www.sport-et-sante.net\/\">http:\/\/www.france-coach-sport.com<\/a><\/p>\n<p><strong>CONDITIONS D\u2019UTILISATION<\/strong><br \/>\nLe site accessible par les url suivants : <a href=\"http:\/\/www.sport-et-sante.net\">http:\/\/www.sport-et-sante.net<\/a> est exploit\u00e9 dans le respect de la l\u00e9gislation fran\u00e7aise. L\u2019utilisation de ce site est r\u00e9gie par les pr\u00e9sentes conditions g\u00e9n\u00e9rales. En utilisant le site, vous reconnaissez avoir pris connaissance de ces conditions et les avoir accept\u00e9es. Celles-ci pourront \u00eatre modifi\u00e9es \u00e0 tout moment et sans pr\u00e9avis par la soci\u00e9t\u00e9 France Coach Sport.<br \/>\nFrance Coach Sport ne saurait \u00eatre tenu pour responsable en aucune mani\u00e8re d\u2019une mauvaise utilisation du service.<\/p>\n<p><strong>RESPONSABLE \u00c9DITORIAL<\/strong><\/p>\n<p><strong>Sport et Sant\u00e9 Le mag<\/strong><br \/>\nPar Sport &amp; Sant\u00e9 Le mag<br \/>\nMr TRESSOLS Fabrice<br \/>\n50 chemin de la gaude Vence<br \/>\nFrance<br \/>\nT\u00e9l. : + 33<br \/>\nAdresse E-MAIL : contacts.fabrice@gmail.com<br \/>\n<a href=\"http:\/\/www.sport-et-sante.net\">http:\/\/www.sport-et-sante.net<\/a><\/p>\n<p><strong>LIMITATION DE RESPONSABILIT\u00c9<\/strong><br \/>\nLes informations contenues sur ce site sont aussi pr\u00e9cises que possibles et le site est p\u00e9riodiquement remis \u00e0 jour, mais peut toutefois contenir des inexactitudes, des omissions ou des lacunes. Si vous constatez une lacune, erreur ou ce qui parait \u00eatre un dysfonctionnement, merci de bien vouloir le signaler par email en d\u00e9crivant le probl\u00e8me de la mani\u00e8re la plus pr\u00e9cise possible (page posant probl\u00e8me, action d\u00e9clenchante, type d\u2019ordinateur et de navigateur utilis\u00e9, \u2026).<br \/>\nTout contenu t\u00e9l\u00e9charg\u00e9 se fait aux risques et p\u00e9rils de l\u2019utilisateur et sous sa seule responsabilit\u00e9. En cons\u00e9quence, Sport et Sant\u00e9 Le mag ne saurait \u00eatre tenu responsable d\u2019un quelconque dommage subi par l\u2019ordinateur de l\u2019utilisateur ou d\u2019une quelconque perte de donn\u00e9es cons\u00e9cutives au t\u00e9l\u00e9chargement. Les photos sont non contractuelles.<br \/>\nLes liens hypertextes et liens hypertextes \u00ab\u00a0publicitaires\u00a0\u00bb mis en place dans le cadre du pr\u00e9sent site internet en direction d\u2019autres ressources pr\u00e9sentes sur le r\u00e9seau Internet ne sauraient engager la responsabilit\u00e9 de Sport et sant\u00e9 Le mag.<\/p>\n<p><strong>LITIGES<\/strong><br \/>\nLes pr\u00e9sentes conditions sont r\u00e9gies par les lois fran\u00e7aises et toute contestation ou litiges qui pourraient na\u00eetre de l\u2019interpr\u00e9tation ou de l\u2019ex\u00e9cution de celles-ci seront de la comp\u00e9tence exclusive des tribunaux dont d\u00e9pend le si\u00e8ge social de la soci\u00e9t\u00e9 Sport et Sant\u00e9 Le mag. La langue de r\u00e9f\u00e9rence, pour le r\u00e8glement de contentieux \u00e9ventuels, est le fran\u00e7ais.<\/p>\n<p><strong>D\u00c9CLARATION \u00c0 LA CNIL<\/strong><br \/>\nConform\u00e9ment \u00e0 la loi 78-17 du 6 janvier 1978 (modifi\u00e9e par la loi 2004-801 du 6 ao\u00fbt 2004 relative \u00e0 la protection des personnes physiques \u00e0 l\u2019\u00e9gard des traitements de donn\u00e9es \u00e0 caract\u00e8re personnel) relative \u00e0 l\u2019informatique, aux fichiers et aux libert\u00e9s, le site a fait l\u2019objet d\u2019une d\u00e9claration aupr\u00e8s de la Commission nationale de l\u2019informatique et des libert\u00e9s (www.cnil.fr).<\/p>\n<p><strong>DROIT D\u2019ACC\u00c8S<\/strong><br \/>\nEn application de cette loi, les internautes disposent d\u2019un droit d\u2019acc\u00e8s, de rectification, de modification et de suppression concernant les donn\u00e9es qui les concernent personnellement. Ce droit peut \u00eatre exerc\u00e9 par voie postale aupr\u00e8s de Sport et Sant\u00e9 Le mag 50 chemin de la gaude 06140 Vence ou par voie \u00e9lectronique \u00e0 l\u2019adresse email suivante : contacts.fabrice@gmail.com<br \/>\nLes informations personnelles collect\u00e9es ne sont en aucun cas confi\u00e9es \u00e0 des tiers hormis pour l\u2019\u00e9ventuelle bonne ex\u00e9cution de la prestation command\u00e9e par l\u2019internaute.<\/p>\n<p><strong>CONFIDENTIALIT\u00c9<\/strong><br \/>\nVos donn\u00e9es personnelles sont confidentielles et ne seront en aucun cas communiqu\u00e9es \u00e0 des tiers hormis pour la bonne ex\u00e9cution de la prestation.<\/p>\n<p><strong>PROPRI\u00c9T\u00c9 INTELLECTUELLE<\/strong><\/p>\n<p><strong>D\u00e9p\u00f4t INPI<\/strong><\/p>\n<p>La marque \u00ab\u00a0<strong>SPORT ET SANT<\/strong><strong>\u00c9<\/strong><strong> Le mag<\/strong>\u00bb est d\u00e9pos\u00e9 et prot\u00e9ger par <strong>l\u2019INPI sous\u00a0:<\/strong><\/p>\n<p><strong>Le Num\u00e9ro national : 4484727<\/strong><\/p>\n<p>Tout le contenu du pr\u00e9sent site, incluant, de fa\u00e7on non limitative, les graphismes, images, textes, vid\u00e9os, animations, sons, logos, gifs et ic\u00f4nes ainsi que leur mise en forme sont la propri\u00e9t\u00e9 exclusive de la soci\u00e9t\u00e9 Sport et Sant\u00e9 Le mag \u00e0 l\u2019exception des marques, logos ou contenus appartenant \u00e0 d\u2019autres soci\u00e9t\u00e9s partenaires ou auteurs. Toute reproduction, distribution, modification, adaptation, retransmission ou publication, m\u00eame partielle, de ces diff\u00e9rents \u00e9l\u00e9ments est strictement interdite sans l\u2019accord expr\u00e8s par \u00e9crit de Sport et Sant\u00e9 Le mag. Cette repr\u00e9sentation ou reproduction, par quelque proc\u00e9d\u00e9 que ce soit, constitue une contrefa\u00e7on sanctionn\u00e9e par les articles L.3335-2 et suivants du Code de la propri\u00e9t\u00e9 intellectuelle. Le non-respect de cette interdiction constitue une contrefa\u00e7on pouvant engager la responsabilit\u00e9 civile et p\u00e9nale du contrefacteur. En outre, les propri\u00e9taires des Contenus copi\u00e9s pourraient intenter une action en justice \u00e0 votre encontre.<br \/>\nSport et Sant\u00e9 Le mag est identiquement propri\u00e9taire des \u00ab\u00a0droits des producteurs de bases de donn\u00e9es\u00a0\u00bb vis\u00e9s au Livre III, Titre IV, du Code de la Propri\u00e9t\u00e9 Intellectuelle (loi n\u00b0 98-536 du 1er juillet 1998) relative aux droits d\u2019auteur et aux bases de donn\u00e9es.<br \/>\nLes utilisateurs et visiteurs du site internet peuvent mettre en place un hyperlien en direction de ce site, mais uniquement en direction de la page d\u2019accueil, accessible \u00e0 l\u2019URL suivante : www.site-internet-qualite.fr, \u00e0 condition que ce lien s\u2019ouvre dans une nouvelle fen\u00eatre. En particulier un lien vers une sous page (\u00ab lien profond \u00bb) est interdit, ainsi que l\u2019ouverture du pr\u00e9sent site au sein d\u2019un cadre (\u00ab framing \u00bb), sauf l\u2019autorisation expresse et pr\u00e9alable de Sport et Sant\u00e9 Le mag.<br \/>\nPour toute demande d\u2019autorisation ou d\u2019information, veuillez nous contacter par email : contacts.fabrice@gmail.com. Des conditions sp\u00e9cifiques sont pr\u00e9vues pour la presse.<br \/>\nPar ailleurs, la mise en forme de ce site a n\u00e9cessit\u00e9 le recours \u00e0 des sources externes dont nous avons acquis les droits ou dont les droits d\u2019utilisation sont ouverts :<br \/>\n<strong>Photos et vid\u00e9os:<\/strong> Sont la propri\u00e9t\u00e9 du site Sport et Sant\u00e9 Le mag..Certaines photos sont sous protection d\u2019une licence d\u00e9livr\u00e9 par la soci\u00e9t\u00e9 \u00ab\u00a0Epictura\u00a0\u00bb\u00a0 REF CLIENT : CUS00000003104 , N\u00b0 de licence ORD000000008887 photo STOCK LIB\u00bb ou le photographe JMG-RIVA ET Mr TRESSOLS Fabrice .<\/p>\n<p><strong>H\u00c9BERGEUR<\/strong><br \/>\n<strong>OVH<\/strong><br \/>\nPlateforme de gestion et cr\u00e9ation de sites internet<br \/>\n<strong><u><a href=\"https:\/\/www.ovh.com\/fr\/\">www.ovh.com<\/a><\/u><\/strong><\/p>\n<p><strong>CONDITIONS DE SERVICE<\/strong><br \/>\nCe site est propos\u00e9 en langages <strong>HTML5 et CSS3<\/strong>, pour un meilleur confort d\u2019utilisation et un graphisme plus agr\u00e9able, nous vous recommandons de recourir \u00e0 des navigateurs modernes comme Safari, Firefox, Chrome,\u2026<\/p>\n<p><strong>INFORMATIONS ET EXCLUSION<\/strong><br \/>\nFrance Coach Sport met en \u0153uvre tous les moyens dont elle dispose, pour assurer une information fiable et une mise \u00e0 jour fiable de ses sites internet. Toutefois, des erreurs ou omissions peuvent survenir. L\u2019internaute devra donc s\u2019assurer de l\u2019exactitude des informations aupr\u00e8s de France Coach Sport, et signaler toutes modifications du site qu\u2019il jugerait utile. France Coach Sport n\u2019est en aucun cas responsable de l\u2019utilisation faite de ces informations, et de tout pr\u00e9judice direct ou indirect pouvant en d\u00e9couler.<\/p>\n<p><strong>COOKIES<\/strong><br \/>\nPour des besoins de statistiques et d\u2019affichage, le pr\u00e9sent site utilise des cookies. Il s\u2019agit de petits fichiers textes stock\u00e9s sur votre disque dur afin d\u2019enregistrer des donn\u00e9es techniques sur votre navigation. Certaines parties de ce site ne peuvent \u00eatre fonctionnelle sans l\u2019acceptation de cookies.<\/p>\n<p><strong>LIENS HYPERTEXTES<\/strong><\/p>\n<p>Des tiers autres que le site \u00ab\u00a0Sport et Sant\u00e9 le mag\u00a0\u00bb g\u00e8rent des boutiques, proposent des services et vendent des lignes de produits sur ce site internet. De surcroit, nous fournissons des liens vers des sites internet de soci\u00e9t\u00e9 affili\u00e9es et d&rsquo;un certain nombre d&rsquo;entreprises. Nous ne sommes pas responsables de l&rsquo;examen ou de l&rsquo;\u00e9valuation, et nous ne garantissons pas les offres de ces entreprises ou de ces particuliers, ou le contenu de leurs sites internet.Le site \u00ab\u00a0Sport et Sant\u00e9 le mag\u00a0\u00bb n&rsquo;assume aucune responsabilit\u00e9 ou obligation pour les actes, produits ou contenu de ces entreprises ou de ces particuliers ou d&rsquo;autres tiers. Vous \u00eates inform\u00e9s quand un tiers est impliqu\u00e9 dans votre transaction, et nous pouvons partager vos informations en lien avec cette transaction avec ce tiers. Vous devez examiner leurs politiques de confidentialit\u00e9 et autres conditions d&rsquo;utilisation avec attention.<\/p>\n<p>Dans l\u2019hypoth\u00e8se o\u00f9 un utilisateur ou visiteur souhaiterait mettre en place un hyperlien en direction d\u2019un des sites internet de\u00a0\u00ab\u00a0Sport et Sant\u00e9 le mag\u00a0\u00bb il lui appartiendra d\u2019adresser un email accessible sur le site afin de formuler sa demande de mise en place d\u2019un hyperlien.\u00ab\u00a0Sport et Sant\u00e9 le mag\u00a0\u00bb se r\u00e9serve le droit d\u2019accepter ou de refuser un hyperlien sans avoir \u00e0 en justifier sa d\u00e9cision.<\/p>\n<p><strong>Responsabilit\u00e9 de l\u2019\u00e9diteur <\/strong>Sport et Sant\u00e9 Le mag<br \/>\nLes informations et\/ou documents figurant sur ce site et\/ou accessibles par ce site proviennent de sources consid\u00e9r\u00e9es comme \u00e9tant fiables.<br \/>\nToutefois et suivant le fait que l\u2019\u00e9diteur ne peut les contr\u00f4ler en totalit\u00e9s, ces informations et\/ou documents sont susceptibles de contenir des inexactitudes techniques et des erreurs typographiques.<br \/>\nAucune autre garantie n\u2019est accord\u00e9e au client, auquel incombe l\u2019obligation de formuler clairement ses besoins et le devoir de s\u2019informer. Si des informations fournies par France Coach Sport apparaissent inexactes, il appartiendra au client de proc\u00e9der lui-m\u00eame \u00e0 toutes v\u00e9rifications de la coh\u00e9rence ou de la vraisemblance des r\u00e9sultats obtenus. Sport et Sant\u00e9 Le mag ne sera en aucune fa\u00e7on responsable vis \u00e0 vis des tiers de l\u2019utilisation par le client des informations ou de leur absence contenues dans ses produits y compris un de ses sites Internet.<br \/>\n<strong>L\u2019\u00c9DITEUR <\/strong><strong>Sport et Sant\u00e9 Le mag<\/strong> se r\u00e9serve le droit de les corriger, d\u00e8s que ces erreurs sont port\u00e9es \u00e0 sa connaissance. Il est fortement recommand\u00e9 de v\u00e9rifier l\u2019exactitude et la pertinence des informations et\/ou documents mis \u00e0 disposition sur ce site.<br \/>\nLes informations et\/ou documents disponibles sur ce site sont susceptibles d\u2019\u00eatre modifi\u00e9s \u00e0 tout moment, et peuvent avoir fait l\u2019objet de mises \u00e0 jour. En particulier, ils peuvent avoir fait l\u2019objet d\u2019une mise \u00e0 jour entre le moment de leur t\u00e9l\u00e9chargement et celui o\u00f9 l\u2019utilisateur en prend connaissance.<br \/>\nL\u2019utilisation des informations et\/ou documents disponibles sur ce site se fait sous l\u2019enti\u00e8re et seule responsabilit\u00e9 de l\u2019utilisateur, qui assume la totalit\u00e9 des cons\u00e9quences pouvant en d\u00e9couler, sans que L\u2019\u00e9diteur France Coach Sport puisse \u00eatre recherch\u00e9 \u00e0 ce titre, et sans recours contre ce dernier.<br \/>\n<strong>L\u2019\u00c9DITEUR <\/strong><strong>Sport et Sant\u00e9 Le mag<\/strong> ne pourra en aucun cas \u00eatre tenu responsable de tout dommage de quelque nature qu\u2019il soit r\u00e9sultant de l\u2019interpr\u00e9tation ou de l\u2019utilisation des informations et\/ou documents disponibles sur ce site.<\/p>\n<p><strong>RECHERCHE<\/strong><br \/>\nEn outre, le renvoi sur un site internet pour compl\u00e9ter une information recherch\u00e9e ne signifie en aucune fa\u00e7on que <strong>Sport et Sant\u00e9 Le mag<\/strong> reconna\u00eet ou accepte quelque responsabilit\u00e9 quant \u00e0 la teneur ou \u00e0 l\u2019utilisation dudit site<\/p>\n<p><strong>Acc\u00e8s au site<\/strong><br \/>\nL\u2019\u00e9diteur <strong>Sport et Sant\u00e9 Le mag<\/strong> s\u2019efforce de permettre l\u2019acc\u00e8s au site 24 heures sur 24, 7 jours sur 7, sauf en cas de force majeure ou d\u2019un \u00e9v\u00e9nement hors du contr\u00f4le de L\u2019\u00e9diteur France Coach Sport, et sous r\u00e9serve des \u00e9ventuelles pannes et interventions de maintenance n\u00e9cessaires au bon fonctionnement du site et des services.<br \/>\nPar cons\u00e9quent, l\u2019\u00e9diteur <strong>Sport et Sant\u00e9 Le mag<\/strong> ne peut garantir une disponibilit\u00e9 du site et\/ou des services, une fiabilit\u00e9 des transmissions et des performances en termes de temps de r\u00e9ponse ou de qualit\u00e9. Il n\u2019est pr\u00e9vu aucune assistance technique vis \u00e0 vis de l\u2019utilisateur que ce soit par des moyens \u00e9lectronique ou t\u00e9l\u00e9phonique.<br \/>\nLa responsabilit\u00e9 de l\u2019\u00e9diteur <strong>Sport et Sant\u00e9 Le mag<\/strong> ne saurait \u00eatre engag\u00e9e en cas d\u2019impossibilit\u00e9 d\u2019acc\u00e8s \u00e0 ce site et\/ou d\u2019utilisation des services.<br \/>\nPar ailleurs, l\u2019\u00e9diteur France Coach Sport peut \u00eatre amen\u00e9 \u00e0 interrompre le site ou une partie des services, \u00e0 tout moment sans pr\u00e9avis, le tout sans droit \u00e0 indemnit\u00e9s. L\u2019utilisateur reconna\u00eet et accepte que l\u2019\u00e9diteur Sport et Sant\u00e9 Le mag ne soit pas responsable des interruptions, et des cons\u00e9quences qui peuvent en d\u00e9couler pour l\u2019utilisateur ou tout tiers.<\/p>\n<p><strong>PR\u00c9CAUTIONS D\u2019USAGE<\/strong><br \/>\nIl vous incombe par cons\u00e9quent de prendre les pr\u00e9cautions d\u2019usage n\u00e9cessaires pour vous assurer que ce que vous choisissez d\u2019utiliser ne soit pas entach\u00e9 d\u2019erreurs voire d\u2019\u00e9l\u00e9ments de nature destructrice tels que virus, trojans, etc\u2026.<\/p>\n<p><strong>CONTACTEZ-NOUS<\/strong><br \/>\n<strong>Sport et Sant\u00e9 Le mag<\/strong> est \u00e0 votre disposition pour tous vos commentaires ou suggestions. Vous pouvez nous \u00e9crire en fran\u00e7ais par courrier \u00e9lectronique \u00e0 : contacts.fabrice@gmail.com<\/p>\n<h3><strong>R\u00e9servations s\u00e9ances et annulations<\/strong><\/h3>\n<p>Vous avez la possibilit\u00e9 de r\u00e9server des s\u00e9ances de coaching sportif une semaine ou un mois \u00e0 l\u2019avance.<\/p>\n<p>Pour toute annulation, veillez me pr\u00e9venir minimum 5 jours \u00e0 l\u2019avance.<\/p>\n<h3>Les \u00a0annulations faites apr\u00e8s les 5 jours seront dues.<\/h3>\n<\/div><div class=\"fusion-clearfix\"><\/div><\/div><\/div><\/div><\/div>\n","protected":false},"excerpt":{"rendered":"","protected":false},"author":1,"featured_media":0,"parent":0,"menu_order":0,"comment_status":"closed","ping_status":"closed","template":"","meta":[],"_links":{"self":[{"href":"http:\/\/www.sport-et-sante.net\/index.php\/wp-json\/wp\/v2\/pages\/12979"}],"collection":[{"href":"http:\/\/www.sport-et-sante.net\/index.php\/wp-json\/wp\/v2\/pages"}],"about":[{"href":"http:\/\/www.sport-et-sante.net\/index.php\/wp-json\/wp\/v2\/types\/page"}],"author":[{"embeddable":true,"href":"http:\/\/www.sport-et-sante.net\/index.php\/wp-json\/wp\/v2\/users\/1"}],"replies":[{"embeddable":true,"href":"http:\/\/www.sport-et-sante.net\/index.php\/wp-json\/wp\/v2\/comments?post=12979"}],"version-history":[{"count":6,"href":"http:\/\/www.sport-et-sante.net\/index.php\/wp-json\/wp\/v2\/pages\/12979\/revisions"}],"predecessor-version":[{"id":15673,"href":"http:\/\/www.sport-et-sante.net\/index.php\/wp-json\/wp\/v2\/pages\/12979\/revisions\/15673"}],"wp:attachment":[{"href":"http:\/\/www.sport-et-sante.net\/index.php\/wp-json\/wp\/v2\/media?parent=12979"}],"curies":[{"name":"wp","href":"https:\/\/api.w.org\/{rel}","templated":true}]}}