{"id":14628,"date":"2019-02-06T16:26:06","date_gmt":"2019-02-06T15:26:06","guid":{"rendered":"http:\/\/www.sport-et-sante.net\/?page_id=14628"},"modified":"2019-03-28T09:28:04","modified_gmt":"2019-03-28T08:28:04","slug":"les-jus-de-fruits-sont-ils-bon-pour-la-sante","status":"publish","type":"page","link":"https:\/\/www.sport-et-sante.net\/index.php\/les-jus-de-fruits-sont-ils-bon-pour-la-sante\/","title":{"rendered":"LES JUS DE FRUITS SONT-ILS BON POUR LA SANT\u00c9 ?"},"content":{"rendered":"<div class=\"fusion-fullwidth fullwidth-box fusion-builder-row-1 nonhundred-percent-fullwidth non-hundred-percent-height-scrolling\" style=\"background-color: #25292b;background-position: center center;background-repeat: no-repeat;padding-top:0px;padding-right:0px;padding-bottom:0px;padding-left:0px;margin-bottom: 0px;margin-top: 0px;border-width: 0px 0px 0px 0px;border-color:#25292b;border-style:solid;\" ><div class=\"fusion-builder-row fusion-row\"><div class=\"fusion-layout-column fusion_builder_column fusion-builder-column-0 fusion_builder_column_4_5 4_5 fusion-four-fifth fusion-column-first\" style=\"width:80%;width:calc(80% - ( ( 4% ) * 0.8 ) );margin-right: 4%;margin-top:0px;margin-bottom:20px;\"><div class=\"fusion-column-wrapper fusion-flex-column-wrapper-legacy\" style=\"background-position:left top;background-repeat:no-repeat;-webkit-background-size:cover;-moz-background-size:cover;-o-background-size:cover;background-size:cover;padding: 0px 0px 0px 0px;\"><style type=\"text\/css\"><\/style><div class=\"fusion-title title fusion-title-1 sep-underline sep-solid fusion-title-text fusion-title-size-one\" style=\"border-bottom-color:#3e3e3e;margin-top:20px;margin-right:0px;margin-bottom:30px;margin-left:0px;\"><h1 class=\"title-heading-left fusion-responsive-typography-calculated\" style=\"margin:0;--fontSize:55;line-height:1;\"><h1 style=\"text-align: center;\">LES JUS DE FRUITS SONT-ILS BON POUR LA SANT\u00c9\u00a0?<\/h1><\/h1><\/div><div class=\"fusion-text fusion-text-1\"><p>Notre soci\u00e9t\u00e9 nos conditions de travail et notre fain\u00e9antise naturelle nous pousse \u00e0 boire des jus de fruits\u00a0\u00ab\u00a0en bouteille\u00a0\u00bb issu de l\u2019industrie agro-alimentaire pour faire vite et pour le c\u00f4t\u00e9 pratique. Les jus de fruits sont-ils bon pour la sant\u00e9\u00a0? Quels jus de fruits\u00a0? Ne vaux-t-il pas mieux manger un fruit\u00a0?<\/p>\n<\/div><div class=\"fusion-sep-clear\"><\/div><div class=\"fusion-separator fusion-full-width-sep\" style=\"margin-left: auto;margin-right: auto;margin-top:25px;margin-bottom:25px;width:100%;\"><\/div><div class=\"fusion-sep-clear\"><\/div><style type=\"text\/css\"><\/style><div class=\"fusion-title title fusion-title-2 sep-underline sep-solid fusion-title-text fusion-title-size-one\" style=\"border-bottom-color:#3e3e3e;margin-top:20px;margin-right:0px;margin-bottom:30px;margin-left:0px;\"><h1 class=\"title-heading-left fusion-responsive-typography-calculated\" style=\"margin:0;--fontSize:55;line-height:1;\"><h2>BOIRE UN JUS DE FRUIT, EST-CE AUSSI EFFICACE QU\u2019UN FRUIT ENTIER\u00a0?<\/h2><\/h1><\/div><div class=\"fusion-text fusion-text-2\"><p>Non, boire un jus de fruit ne sera jamais aussi efficace que d\u2019en manger un entier pour plusieurs bonnes raisons\u00a0:<\/p>\n<div class=\"imageframe-align-center\"><style>.fusion-image-frame-bottomshadow.image-frame-shadow-1{display:inline-block}.element-bottomshadow.imageframe-1:before, .element-bottomshadow.imageframe-1:after{-webkit-box-shadow: 0 17px 10px rgba(0,0,0,0.4);box-shadow: 0 17px 10px rgba(0,0,0,0.4);}<\/style><div class=\"awb-image-frame awb-image-frame-1 fusion-image-frame-bottomshadow element-bottomshadow image-frame-shadow-1\"><span class=\" fusion-imageframe imageframe-bottomshadow imageframe-1 element-bottomshadow hover-type-zoomin\"><img width=\"365\" height=\"213\" alt=\"LES JUS DE FRUITS SONT-ILS BON POUR LA SANT\u00c9 ?\" title=\"Mangue\" src=\"http:\/\/www.sport-et-sante.net\/wp-content\/uploads\/2018\/09\/Mangue.png\" class=\"img-responsive wp-image-13766\" srcset=\"https:\/\/www.sport-et-sante.net\/wp-content\/uploads\/2018\/09\/Mangue-200x117.png 200w, https:\/\/www.sport-et-sante.net\/wp-content\/uploads\/2018\/09\/Mangue.png 365w\" sizes=\"(max-width: 1505px) 100vw, 365px\" \/><\/span><\/div><\/div>\n<ol>\n<li>En mangeant un fruit entier vous mastiquez .et donc la digestion en particulier l\u2019assimilation par l\u2019organisme des nutriments sera beaucoup plus efficace.Lorsque vous buvez un jus de fruit vous ne mastiquez et pas donc pas ou peu de s\u00e9cr\u00e9tion de salive et une moins bonne assimilation des nutriments.<\/li>\n<li>Un jus de fruit ne contient peu ou quasiment pas de fibre. Or les fibres jouent un r\u00f4le tr\u00e8s important\u00a0: elles participent \u00e0 la\u00a0<strong><a href=\"https:\/\/fr.wikipedia.org\/wiki\/Faim#Prise_alimentaire_:_ingestion,_rassasiement_et_sati%C3%A9t%C3%A9\" target=\"_blank\" rel=\"noopener\">sati\u00e9t\u00e9<\/a> <\/strong>et au\u00a0bon fonctionnement du transit intestinal. La pr\u00e9sence ou non de fibres est\u00a0l\u2019une des grandes diff\u00e9rences\u00a0entre les jus et les fruits entiers. Le fait de devoir m\u00e2cher les fibres d\u2019un fruit entier ralentit l\u2019ingestion et acc\u00e9l\u00e8re le rassasiement.<\/li>\n<li>Le taux de <a href=\"https:\/\/fr.wikipedia.org\/wiki\/Vitamine_C\" target=\"_blank\" rel=\"noopener\"><strong>vitamines C<\/strong><\/a> et A par exemple sera moins important. Vous aurez plus de vitamines dans une orange mang\u00e9e dans son enti\u00e8ret\u00e9 plut\u00f4t que dans son jus press\u00e9 sachant que vous en jetterez une bonne partie.<\/li>\n<\/ol>\n<\/div><div class=\"fusion-sep-clear\"><\/div><div class=\"fusion-separator fusion-full-width-sep\" style=\"margin-left: auto;margin-right: auto;margin-top:25px;margin-bottom:25px;width:100%;\"><\/div><div class=\"fusion-sep-clear\"><\/div><div class=\"fusion-text fusion-text-3\"><p>Reste le probl\u00e8me de l\u2019\u00e9tat du jus de fruit, est-il :<\/p>\n<ul>\n<li>Frais, fraichement press\u00e9 par vous-m\u00eame depuis quelques minutes.<\/li>\n<li>En bouteille hautement pasteuris\u00e9 \u00ab\u00a0haute temp\u00e9rature\u00a0\u00bb.<\/li>\n<li>En bouteille au rayon frais pasteuris\u00e9<\/li>\n<\/ul>\n<p><span style=\"color: #339966;\"><a style=\"color: #339966;\" href=\"http:\/\/www.sport-et-sante.net\/index.php\/jus-de-fruits-en-bouteilles-le-mensonge-des-vitamines\/\" target=\"_blank\" rel=\"noopener\">LIRE LA SUITE<\/a><\/span><\/p>\n<\/div>\n<!-- START ADVERTISER: The Protein Works FR from awin.com -->\n\n<a href=\"https:\/\/www.awin1.com\/cread.php?s=2111204&v=7369&q=331183&r=547865\">\n    <img src=\"https:\/\/www.awin1.com\/cshow.php?s=2111204&v=7369&q=331183&r=547865\" border=\"0\">\n<\/a>\n\n<!-- END ADVERTISER: The Protein Works FR from awin.com -->\n<div class=\"imageframe-align-center\"><style>.fusion-image-frame-bottomshadow.image-frame-shadow-2{display:inline-block}.element-bottomshadow.imageframe-2:before, .element-bottomshadow.imageframe-2:after{-webkit-box-shadow: 0 17px 10px rgba(0,0,0,0.4);box-shadow: 0 17px 10px rgba(0,0,0,0.4);}<\/style><div class=\"awb-image-frame awb-image-frame-2 fusion-image-frame-bottomshadow element-bottomshadow image-frame-shadow-2\"><span class=\" fusion-imageframe imageframe-bottomshadow imageframe-2 element-bottomshadow hover-type-zoomin\"><img width=\"300\" height=\"166\" alt=\"LES JUS DE FRUITS SONT-ILS BON POUR LA SANT\u00c9 ?\" title=\"jus-de-fruit-ou-fruits-entier\" src=\"http:\/\/www.sport-et-sante.net\/wp-content\/uploads\/2019\/02\/jus-de-fruit-ou-fruits-entier-300x166.png\" class=\"img-responsive wp-image-14631\" srcset=\"https:\/\/www.sport-et-sante.net\/wp-content\/uploads\/2019\/02\/jus-de-fruit-ou-fruits-entier-200x111.png 200w, https:\/\/www.sport-et-sante.net\/wp-content\/uploads\/2019\/02\/jus-de-fruit-ou-fruits-entier-400x222.png 400w, https:\/\/www.sport-et-sante.net\/wp-content\/uploads\/2019\/02\/jus-de-fruit-ou-fruits-entier-600x333.png 600w, https:\/\/www.sport-et-sante.net\/wp-content\/uploads\/2019\/02\/jus-de-fruit-ou-fruits-entier.png 700w\" sizes=\"(max-width: 1505px) 100vw, 300px\" \/><\/span><\/div><\/div><div class=\"fusion-text fusion-text-4\"><p><strong>Conclusion\u00a0:<\/strong><\/p>\n<p>Boire un jus de fruit press\u00e9 ne remplacera jamais un fruit entier, nous pouvons boire des jus de <strong><u>fruits frais<\/u><\/strong> \u00ab\u00a0fruits fraichement cueillis\u00a0\u00bbcela sera rafraichissant, agr\u00e9able mais n\u2019apportera jamais autant de nutriment assimilable qu\u2019un fruit entier.<\/p>\n<p><a href=\"http:\/\/www.sport-et-sante.net\/index.php\/jus-de-fruits-en-bouteilles-le-mensonge-des-vitamines\/\" target=\"_blank\" rel=\"noopener\">Les jus de fruits en bouteilles dans le commerce \u00ab\u00a0<strong><span style=\"color: #ff0000;\">le mensonge des vitamines<\/span><\/strong>\u00a0\u00bb.<\/a><\/p>\n<\/div><div class=\"fusion-clearfix\"><\/div><\/div><\/div><div class=\"fusion-layout-column fusion_builder_column fusion-builder-column-1 fusion_builder_column_1_6 1_6 fusion-one-sixth fusion-column-last\" style=\"width:16.666666666667%;width:calc(16.666666666667% - ( ( 4% ) * 0.16666666666667 ) );margin-top:0px;margin-bottom:20px;\"><div class=\"fusion-column-wrapper fusion-flex-column-wrapper-legacy\" style=\"background-position:left top;background-repeat:no-repeat;-webkit-background-size:cover;-moz-background-size:cover;-o-background-size:cover;background-size:cover;padding: 0px 0px 0px 0px;\"><div class=\"fusion-content-boxes content-boxes columns row fusion-columns-1 fusion-columns-total-5 fusion-content-boxes-1 content-boxes-icon-on-top content-left\" data-animationOffset=\"top-into-view\" style=\"margin-top:0px;margin-bottom:50px;\"><style type=\"text\/css\">.fusion-content-boxes-1 .heading .content-box-heading {color:#ffffff;}\n\t\t\t\t\t.fusion-content-boxes-1 .fusion-content-box-hover .link-area-link-icon-hover .heading .content-box-heading,\n\t\t\t\t\t.fusion-content-boxes-1 .fusion-content-box-hover .link-area-link-icon-hover .heading .heading-link .content-box-heading,\n\t\t\t\t\t.fusion-content-boxes-1 .fusion-content-box-hover .link-area-box-hover .heading .content-box-heading,\n\t\t\t\t\t.fusion-content-boxes-1 .fusion-content-box-hover .link-area-box-hover .heading .heading-link .content-box-heading,\n\t\t\t\t\t.fusion-content-boxes-1 .fusion-content-box-hover .link-area-link-icon-hover.link-area-box .fusion-read-more,\n\t\t\t\t\t.fusion-content-boxes-1 .fusion-content-box-hover .link-area-link-icon-hover.link-area-box .fusion-read-more::after,\n\t\t\t\t\t.fusion-content-boxes-1 .fusion-content-box-hover .link-area-link-icon-hover.link-area-box .fusion-read-more::before,\n\t\t\t\t\t.fusion-content-boxes-1 .fusion-content-box-hover .fusion-read-more:hover:after,\n\t\t\t\t\t.fusion-content-boxes-1 .fusion-content-box-hover .fusion-read-more:hover:before,\n\t\t\t\t\t.fusion-content-boxes-1 .fusion-content-box-hover .fusion-read-more:hover,\n\t\t\t\t\t.fusion-content-boxes-1 .fusion-content-box-hover .link-area-box-hover.link-area-box .fusion-read-more,\n\t\t\t\t\t.fusion-content-boxes-1 .fusion-content-box-hover .link-area-box-hover.link-area-box .fusion-read-more::after,\n\t\t\t\t\t.fusion-content-boxes-1 .fusion-content-box-hover .link-area-box-hover.link-area-box .fusion-read-more::before,\n\t\t\t\t\t.fusion-content-boxes-1 .fusion-content-box-hover .link-area-link-icon-hover .icon .circle-no,\n\t\t\t\t\t.fusion-content-boxes-1 .heading .heading-link:hover .content-box-heading {\n\t\t\t\t\t\tcolor: #ee6059;\n\t\t\t\t\t}\n\t\t\t\t\t.fusion-content-boxes-1 .fusion-content-box-hover .link-area-box-hover .icon .circle-no {\n\t\t\t\t\t\tcolor: #ee6059 !important;\n\t\t\t\t\t}.fusion-content-boxes-1 .fusion-content-box-hover .link-area-box.link-area-box-hover .fusion-content-box-button {background: #e05a53;color: #ffffff;}.fusion-content-boxes-1 .fusion-content-box-hover .link-area-box.link-area-box-hover .fusion-content-box-button .fusion-button-text {color: #ffffff;}\n\t\t\t\t\t.fusion-content-boxes-1 .fusion-content-box-hover .link-area-link-icon-hover .heading .icon > span {\n\t\t\t\t\t\tbackground-color: transparent !important;\n\t\t\t\t\t}\n\t\t\t\t\t.fusion-content-boxes-1 .fusion-content-box-hover .link-area-box-hover .heading .icon > span {\n\t\t\t\t\t\tborder-color: #ee6059 !important;\n\t\t\t\t\t}<\/style><div class=\"fusion-column content-box-column content-box-column content-box-column-1 col-lg-12 col-md-12 col-sm-12 fusion-content-box-hover content-box-column-last-in-row\"><div class=\"col content-box-wrapper content-wrapper-background link-area-box link-type-text icon-hover-animation-slide\" style=\"background-color:#1e2123;\" data-link=\"http:\/\/www.sport-et-sante.net\/index.php\/comment-avoir-de-beaux-cheveux-2\/\" data-link-target=\"_self\" data-animationOffset=\"top-into-view\"><div class=\"heading heading-with-icon icon-left\"><a class=\"heading-link\" href=\"http:\/\/www.sport-et-sante.net\/index.php\/comment-avoir-de-beaux-cheveux-2\/\" target=\"_self\"><div class=\"icon\"><i style=\"background-color:transparent;border-color:transparent;height:auto;width: 40px;line-height:normal;color:#ff0000;font-size:40px;\" aria-hidden=\"true\" class=\"fontawesome-icon fa fa-question circle-no\"><\/i><\/div><h2 class=\"content-box-heading fusion-responsive-typography-calculated\" style=\"font-size:14px;--fontSize:14;line-height:1.28;\">DE BEAUX CHEVEUX<\/h2><\/a><\/div><div class=\"fusion-clearfix\"><\/div><div class=\"content-container\" style=\"color:#aaa9a9;\">\n<p>Les secrets<\/p>\n<div class=\"imageframe-align-center\"><span class=\" fusion-imageframe imageframe-none imageframe-3 hover-type-none\"><a class=\"fusion-no-lightbox\" href=\"http:\/\/www.sport-et-sante.net\/index.php\/comment-avoir-de-beaux-cheveux-2\/\" target=\"_self\" aria-label=\"Comment avoir de beaux cheveux naturellement\"><img width=\"150\" height=\"150\" alt=\"Comment avoir de beaux cheveux\" src=\"http:\/\/www.sport-et-sante.net\/wp-content\/uploads\/2018\/06\/Comment-avoir-de-beaux-cheveux-150x150.jpg\" class=\"img-responsive wp-image-13167\"\/><\/a><\/span><\/div>\n<\/div><\/div><\/div><div class=\"fusion-column content-box-column content-box-column content-box-column-2 col-lg-12 col-md-12 col-sm-12 fusion-content-box-hover content-box-column-last-in-row\"><div class=\"col content-box-wrapper content-wrapper-background link-area-box link-type-text icon-hover-animation-slide\" style=\"background-color:#1e2123;\" data-link=\"http:\/\/www.sport-et-sante.net\/index.php\/comment-avoir-une-belle-peau\/\" data-link-target=\"_self\" data-animationOffset=\"top-into-view\"><div class=\"heading heading-with-icon icon-left\"><a class=\"heading-link\" href=\"http:\/\/www.sport-et-sante.net\/index.php\/comment-avoir-une-belle-peau\/\" target=\"_self\"><div class=\"icon\"><i style=\"background-color:transparent;border-color:transparent;height:auto;width: 40px;line-height:normal;color:#ff0000;font-size:40px;\" aria-hidden=\"true\" class=\"fontawesome-icon fa fa-eye circle-no\"><\/i><\/div><h2 class=\"content-box-heading fusion-responsive-typography-calculated\" style=\"font-size:14px;--fontSize:14;line-height:1.28;\">UNE BELLE PEAU<\/h2><\/a><\/div><div class=\"fusion-clearfix\"><\/div><div class=\"content-container\" style=\"color:#aaa9a9;\">\n<p>Les secrets<\/p>\n<div class=\"imageframe-align-center\"><span class=\" fusion-imageframe imageframe-none imageframe-4 hover-type-none\"><a class=\"fusion-no-lightbox\" href=\"http:\/\/www.sport-et-sante.net\/index.php\/comment-avoir-une-belle-peau\/\" target=\"_self\" aria-label=\"comment avoir une belle peau\"><img width=\"150\" height=\"150\" alt=\"Comment avoir une belle peau\" src=\"http:\/\/www.sport-et-sante.net\/wp-content\/uploads\/2018\/08\/comment-avoir-une-belle-peau-150x150.jpg\" class=\"img-responsive wp-image-13544\"\/><\/a><\/span><\/div>\n<\/div><\/div><\/div><div class=\"fusion-column content-box-column content-box-column content-box-column-3 col-lg-12 col-md-12 col-sm-12 fusion-content-box-hover content-box-column-last-in-row\"><div class=\"col content-box-wrapper content-wrapper-background link-area-box link-type-text icon-hover-animation-slide\" style=\"background-color:#1e2123;\" data-link=\"http:\/\/www.sport-et-sante.net\/index.php\/le-portable-est-il-dangereux-pour-la-sante\/u\/\" data-link-target=\"_self\" data-animationOffset=\"top-into-view\"><div class=\"heading heading-with-icon icon-left\"><a class=\"heading-link\" href=\"http:\/\/www.sport-et-sante.net\/index.php\/le-portable-est-il-dangereux-pour-la-sante\/u\/\" target=\"_self\"><div class=\"icon\"><i style=\"background-color:transparent;border-color:transparent;height:auto;width: 40px;line-height:normal;color:#ff0000;font-size:40px;\" aria-hidden=\"true\" class=\"fontawesome-icon fa fa-wifi circle-no\"><\/i><\/div><h2 class=\"content-box-heading fusion-responsive-typography-calculated\" style=\"font-size:14px;--fontSize:14;line-height:1.28;\">LES DANGERS DU PORTABLE<\/h2><\/a><\/div><div class=\"fusion-clearfix\"><\/div><div class=\"content-container\" style=\"color:#aaa9a9;\">\n<p>Les secrets<\/p>\n<div class=\"imageframe-align-center\"><span class=\" fusion-imageframe imageframe-none imageframe-5 hover-type-zoomin\"><a class=\"fusion-no-lightbox\" href=\"http:\/\/www.sport-et-sante.net\/index.php\/le-portable-est-il-dangereux-pour-la-sante\/\" target=\"_self\" aria-label=\"LES DANGERS DU PORTABLE\"><img width=\"150\" height=\"148\" alt=\"LES DANGERS DU PORTABLE\" src=\"http:\/\/www.sport-et-sante.net\/wp-content\/uploads\/2018\/10\/portable-150x148.jpg\" class=\"img-responsive wp-image-14089\"\/><\/a><\/span><\/div>\n<\/div><\/div><\/div><div class=\"fusion-column content-box-column content-box-column content-box-column-4 col-lg-12 col-md-12 col-sm-12 fusion-content-box-hover content-box-column-last-in-row\"><div class=\"col content-box-wrapper content-wrapper-background link-area-box link-type-text icon-hover-animation-slide\" style=\"background-color:#1e2123;\" data-link=\"http:\/\/www.sport-et-sante.net\/index.php\/les-dangers-du-wifi\/\" data-link-target=\"_self\" data-animationOffset=\"top-into-view\"><div class=\"heading heading-with-icon icon-left\"><a class=\"heading-link\" href=\"http:\/\/www.sport-et-sante.net\/index.php\/les-dangers-du-wifi\/\" target=\"_self\"><div class=\"icon\"><i style=\"background-color:transparent;border-color:transparent;height:auto;width: 40px;line-height:normal;color:#ff0000;font-size:40px;\" aria-hidden=\"true\" class=\"fontawesome-icon fa fa-fighter-jet circle-no\"><\/i><\/div><h2 class=\"content-box-heading fusion-responsive-typography-calculated\" style=\"font-size:14px;--fontSize:14;line-height:1.28;\">LES DANGERS DU WI-FI<\/h2><\/a><\/div><div class=\"fusion-clearfix\"><\/div><div class=\"content-container\" style=\"color:#aaa9a9;\">\n<p>Se prot\u00e9ger<\/p>\n<div class=\"imageframe-align-center\"><span class=\" fusion-imageframe imageframe-none imageframe-6 hover-type-none\"><img width=\"150\" height=\"150\" alt=\"LES DANGER DU WIFI\" title=\"danger-wifi\" src=\"http:\/\/www.sport-et-sante.net\/wp-content\/uploads\/2018\/10\/danger-wifi-150x150.jpg\" class=\"img-responsive wp-image-14135\"\/><\/span><\/div>\n<\/div><\/div><\/div><div class=\"fusion-column content-box-column content-box-column content-box-column-5 col-lg-12 col-md-12 col-sm-12 fusion-content-box-hover content-box-column-last content-box-column-last-in-row\"><div class=\"col content-box-wrapper content-wrapper-background link-area-box link-type-text icon-hover-animation-slide\" style=\"background-color:#1e2123;\" data-link=\"http:\/\/www.sport-et-sante.net\/index.php\/tendinite-la-soigner-et-la-comprendre\/\" data-link-target=\"_self\" data-animationOffset=\"top-into-view\"><div class=\"heading heading-with-icon icon-left\"><a class=\"heading-link\" href=\"http:\/\/www.sport-et-sante.net\/index.php\/tendinite-la-soigner-et-la-comprendre\/\" target=\"_self\"><div class=\"icon\"><i style=\"background-color:transparent;border-color:transparent;height:auto;width: 40px;line-height:normal;color:#ff0000;font-size:40px;\" aria-hidden=\"true\" class=\"fontawesome-icon fa fa-glass circle-no\"><\/i><\/div><h2 class=\"content-box-heading fusion-responsive-typography-calculated\" style=\"font-size:14px;--fontSize:14;line-height:1.28;\">SOIGNER LA TENDINITE<\/h2><\/a><\/div><div class=\"fusion-clearfix\"><\/div><div class=\"content-container\" style=\"color:#aaa9a9;\">\n<p>Comprendre<\/p>\n<div class=\"imageframe-align-center\"><span class=\" fusion-imageframe imageframe-none imageframe-7 hover-type-zoomin\"><img width=\"150\" height=\"150\" alt=\"Soigner la tendinite naturellement\" title=\"Tendinite-soigner-naturellement-3\" src=\"http:\/\/www.sport-et-sante.net\/wp-content\/uploads\/2018\/11\/Tendinite-soigner-naturellement-3.jpg\" class=\"img-responsive wp-image-14306\"\/><\/span><\/div>\n<\/div><\/div><\/div><style type=\"text\/css\">\n\t\t\t\t\t\t.fusion-content-boxes-1 .fusion-content-box-hover .heading-link:hover .icon i.circle-yes,\n\t\t\t\t\t\t.fusion-content-boxes-1 .fusion-content-box-hover .link-area-box:hover .heading-link .icon i.circle-yes,\n\t\t\t\t\t\t.fusion-content-boxes-1 .fusion-content-box-hover .link-area-link-icon-hover .heading .icon i.circle-yes,\n\t\t\t\t\t\t.fusion-content-boxes-1 .fusion-content-box-hover .link-area-box-hover .heading .icon i.circle-yes {\n\t\t\t\t\t\t\tbackground-color: transparent !important;\n\t\t\t\t\t\t\tborder-color: #ee6059 !important;\n\t\t\t\t\t\t}<\/style><div class=\"fusion-clearfix\"><\/div><\/div>\n<!-- START ADVERTISER: Bluebella FR from awin.com -->\n\n<a href=\"https:\/\/www.awin1.com\/cread.php?s=2350100&v=15471&q=358539&r=547865\">\n    <img src=\"https:\/\/www.awin1.com\/cshow.php?s=2350100&v=15471&q=358539&r=547865\" border=\"0\">\n<\/a>\n\n<!-- END ADVERTISER: Bluebella FR from awin.com -->\n\n\n<div class=\"fusion-clearfix\"><\/div><\/div><\/div><\/div><\/div>\n","protected":false},"excerpt":{"rendered":"","protected":false},"author":1,"featured_media":0,"parent":0,"menu_order":0,"comment_status":"closed","ping_status":"closed","template":"","meta":[],"_links":{"self":[{"href":"https:\/\/www.sport-et-sante.net\/index.php\/wp-json\/wp\/v2\/pages\/14628"}],"collection":[{"href":"https:\/\/www.sport-et-sante.net\/index.php\/wp-json\/wp\/v2\/pages"}],"about":[{"href":"https:\/\/www.sport-et-sante.net\/index.php\/wp-json\/wp\/v2\/types\/page"}],"author":[{"embeddable":true,"href":"https:\/\/www.sport-et-sante.net\/index.php\/wp-json\/wp\/v2\/users\/1"}],"replies":[{"embeddable":true,"href":"https:\/\/www.sport-et-sante.net\/index.php\/wp-json\/wp\/v2\/comments?post=14628"}],"version-history":[{"count":13,"href":"https:\/\/www.sport-et-sante.net\/index.php\/wp-json\/wp\/v2\/pages\/14628\/revisions"}],"predecessor-version":[{"id":14843,"href":"https:\/\/www.sport-et-sante.net\/index.php\/wp-json\/wp\/v2\/pages\/14628\/revisions\/14843"}],"wp:attachment":[{"href":"https:\/\/www.sport-et-sante.net\/index.php\/wp-json\/wp\/v2\/media?parent=14628"}],"curies":[{"name":"wp","href":"https:\/\/api.w.org\/{rel}","templated":true}]}}